{"id":20,"date":"2020-08-12T04:46:31","date_gmt":"2020-08-12T04:46:31","guid":{"rendered":"https:\/\/ademcakir.com.tr\/?page_id=20"},"modified":"2021-07-16T23:57:21","modified_gmt":"2021-07-16T23:57:21","slug":"hakkimda","status":"publish","type":"page","link":"https:\/\/ademcakir.com.tr\/index.php\/hakkimda\/","title":{"rendered":"Hakk\u0131mda"},"content":{"rendered":"<p>[vc_section css=&#8221;.vc_custom_1602122664390{padding-top: 190px !important;padding-bottom: 90px !important;background-image: url(https:\/\/ademcakir.com.tr\/wp-content\/uploads\/2020\/10\/bg-ab2.svg?id=295) !important;background-position: center !important;background-repeat: no-repeat !important;background-size: cover !important;}&#8221;][vc_row content_placement=&#8221;middle&#8221; el_id=&#8221;giris&#8221;][vc_column width=&#8221;5\/6&#8243; offset=&#8221;vc_col-lg-6 vc_col-md-7 vc_col-xs-12&#8243;][vc_custom_heading text=&#8221;Hakk\u0131mda&#8221; font_container=&#8221;tag:div|font_size:48px|text_align:left|color:%233a416f|line_height:52px&#8221; use_theme_fonts=&#8221;yes&#8221;][vc_custom_heading text=&#8221;Benim ad\u0131m Adem. Profesyonel Grafik Tasar\u0131mc\u0131y\u0131m. Yeni \u015feyler tasarlamay\u0131 ve \u00fcretmeyi seviyorum.&#8221; font_container=&#8221;tag:p|font_size:22px|text_align:left|line_height:30px&#8221; use_theme_fonts=&#8221;yes&#8221;][vc_empty_space height=&#8221;60px&#8221;][vc_row_inner][vc_column_inner width=&#8221;1\/4&#8243; offset=&#8221;vc_col-lg-3 vc_col-md-3 vc_col-xs-6&#8243;][vc_custom_heading text=&#8221;Sayfa<br \/>\nTasar\u0131m\u0131&#8221; font_container=&#8221;tag:h6|text_align:left|color:%2354c8ef&#8221; use_theme_fonts=&#8221;yes&#8221;][vc_empty_space height=&#8221;10px&#8221;]<div class=\"counter   \">\n\t<div class=\"counter-content\">\n\t\t<span class=\"counter-prefix\"><\/span>\n\t\t<span class=\"counter-value\" data-from=\"0\" data-to=\"462\" data-speed=\"1000\">0<\/span>\n\t\t<span class=\"counter-suffix\">k<\/span>\n\t<\/div>\n<div class=\"counter-title\">sayfa<\/div><\/div>[vc_empty_space height=&#8221;40px&#8221;][\/vc_column_inner][vc_column_inner width=&#8221;1\/4&#8243; offset=&#8221;vc_col-lg-3 vc_col-md-3 vc_col-xs-6&#8243;][vc_custom_heading text=&#8221;Tamamlanan<br \/>\n\u0130\u015fler&#8221; font_container=&#8221;tag:h6|text_align:left|color:%2354c8ef&#8221; use_theme_fonts=&#8221;yes&#8221;][vc_empty_space height=&#8221;10px&#8221;]<div class=\"counter   \">\n\t<div class=\"counter-content\">\n\t\t<span class=\"counter-prefix\"><\/span>\n\t\t<span class=\"counter-value\" data-from=\"0\" data-to=\"241\" data-speed=\"1000\">0<\/span>\n\t\t<span class=\"counter-suffix\"><\/span>\n\t<\/div>\n<div class=\"counter-title\">3 i\u015f devam ediyor<\/div><\/div>[vc_empty_space height=&#8221;40px&#8221;][\/vc_column_inner][vc_column_inner width=&#8221;1\/4&#8243; offset=&#8221;vc_col-lg-3 vc_col-md-3 vc_col-xs-6&#8243;][vc_custom_heading text=&#8221;Sosyal Medya<br \/>\nHesab\u0131&#8221; font_container=&#8221;tag:h6|text_align:left|color:%2354c8ef&#8221; use_theme_fonts=&#8221;yes&#8221;][vc_empty_space height=&#8221;10px&#8221;]<div class=\"counter   \">\n\t<div class=\"counter-content\">\n\t\t<span class=\"counter-prefix\"><\/span>\n\t\t<span class=\"counter-value\" data-from=\"0\" data-to=\"40\" data-speed=\"1000\">0<\/span>\n\t\t<span class=\"counter-suffix\">+<\/span>\n\t<\/div>\n<div class=\"counter-title\">sosyal medya<\/div><\/div>[vc_empty_space height=&#8221;40px&#8221;][\/vc_column_inner][vc_column_inner width=&#8221;1\/4&#8243; offset=&#8221;vc_col-lg-3 vc_col-md-3 vc_col-xs-6&#8243;][vc_custom_heading text=&#8221;Mutlu<br \/>\nM\u00fc\u015fteri&#8221; font_container=&#8221;tag:h6|text_align:left|color:%2354c8ef&#8221; use_theme_fonts=&#8221;yes&#8221;][vc_empty_space height=&#8221;10px&#8221;]<div class=\"counter   \">\n\t<div class=\"counter-content\">\n\t\t<span class=\"counter-prefix\"><\/span>\n\t\t<span class=\"counter-value\" data-from=\"0\" data-to=\"99\" data-speed=\"1000\">0<\/span>\n\t\t<span class=\"counter-suffix\"><\/span>\n\t<\/div>\n<div class=\"counter-title\">m\u00fc\u015fteri memnuniyeti<\/div><\/div>[vc_empty_space height=&#8221;40px&#8221;][\/vc_column_inner][\/vc_row_inner][vc_empty_space height=&#8221;70px&#8221;][vc_raw_html]JTNDYSUyMGNsYXNzJTNEJTIybW9yZS1saW5rJTIyJTIwaHJlZiUzRCUyMiUyM3N0b3J5JTIyJTNFJTNDc3BhbiUzRURhbiVDNCVCMSVDNSU5Rm1hbmwlQzQlQjFrJTIwQWwlM0MlMkZzcGFuJTNFJTNDJTJGYSUzRQ==[\/vc_raw_html][vc_empty_space height=&#8221;40px&#8221;][\/vc_column][vc_column offset=&#8221;vc_col-lg-6 vc_col-md-5 vc_hidden-sm vc_hidden-xs&#8221;]\n\t\t\t<!-- START About REVOLUTION SLIDER 6.5.21 --><p class=\"rs-p-wp-fix\"><\/p>\n\t\t\t<rs-module-wrap id=\"rev_slider_3_1_wrapper\" data-source=\"gallery\" style=\"visibility:hidden;background:transparent;padding:0;margin:0px auto;margin-top:0;margin-bottom:0;\">\n\t\t\t\t<rs-module id=\"rev_slider_3_1\" style=\"\" data-version=\"6.5.21\">\n\t\t\t\t\t<rs-slides>\n\t\t\t\t\t\t<rs-slide style=\"position: absolute;\" data-key=\"rs-4\" data-title=\"Slide\" data-in=\"o:0;\" data-out=\"a:false;\">\n\t\t\t\t\t\t\t<img decoding=\"async\" src=\"\/\/ademcakir.com.tr\/wp-content\/plugins\/revslider\/public\/assets\/assets\/dummy.png\" alt=\"Slide\" title=\"Hakk\u0131mda\" class=\"rev-slidebg tp-rs-img rs-lazyload\" data-lazyload=\"\/\/ademcakir.com.tr\/wp-content\/plugins\/revslider\/public\/assets\/assets\/transparent.png\" data-parallax=\"off\" data-no-retina>\n<!--\n\t\t\t\t\t\t\t--><rs-layer\n\t\t\t\t\t\t\t\tid=\"slider-3-slide-4-layer-1\" \n\t\t\t\t\t\t\t\tclass=\"rs-pxl-1\"\n\t\t\t\t\t\t\t\tdata-type=\"image\"\n\t\t\t\t\t\t\t\tdata-rsp_ch=\"on\"\n\t\t\t\t\t\t\t\tdata-xy=\"x:c;y:c;\"\n\t\t\t\t\t\t\t\tdata-text=\"w:normal;\"\n\t\t\t\t\t\t\t\tdata-dim=\"w:300px;h:339px;\"\n\t\t\t\t\t\t\t\tdata-border=\"boc:#ffffff;bow:10px,10px,10px,10px;\"\n\t\t\t\t\t\t\t\tdata-frame_1=\"st:600;sR:600;\"\n\t\t\t\t\t\t\t\tdata-frame_999=\"o:0;st:w;sR:8100;\"\n\t\t\t\t\t\t\t\tdata-loop_0=\"y:-30px;\"\n\t\t\t\t\t\t\t\tdata-loop_999=\"y:30px;sp:6000;e:sine.inOut;yym:t;\"\n\t\t\t\t\t\t\t\tstyle=\"z-index:9;\"\n\t\t\t\t\t\t\t><img loading=\"lazy\" decoding=\"async\" src=\"\/\/ademcakir.com.tr\/wp-content\/plugins\/revslider\/public\/assets\/assets\/dummy.png\" alt=\"\" class=\"tp-rs-img rs-lazyload\" width=\"100\" height=\"113\" data-lazyload=\"\/\/ademcakir.com.tr\/wp-content\/uploads\/2021\/07\/logoft-copy.png\" data-no-retina> \n\t\t\t\t\t\t\t<\/rs-layer><!--\n-->\t\t\t\t\t\t<\/rs-slide>\n\t\t\t\t\t<\/rs-slides>\n\t\t\t\t<\/rs-module>\n\t\t\t\t<script>\n\t\t\t\t\tsetREVStartSize({c: 'rev_slider_3_1',rl:[1240,1024,778,480],el:[520],gw:[570],gh:[520],type:'standard',justify:'',layout:'fullwidth',mh:\"0\"});if (window.RS_MODULES!==undefined && window.RS_MODULES.modules!==undefined && window.RS_MODULES.modules[\"revslider31\"]!==undefined) {window.RS_MODULES.modules[\"revslider31\"].once = false;window.revapi3 = undefined;if (window.RS_MODULES.checkMinimal!==undefined) window.RS_MODULES.checkMinimal()}\n\t\t\t\t<\/script>\n\t\t\t<\/rs-module-wrap>\n\t\t\t<!-- END REVOLUTION SLIDER -->\n[\/vc_column][\/vc_row][vc_row][vc_column][vc_wp_custommenu nav_menu=&#8221;55&#8243;][\/vc_column][\/vc_row][\/vc_section][vc_row row_style=&#8221;gradient3&#8243; css=&#8221;.vc_custom_1626479755035{padding-bottom: 60px !important;}&#8221; el_class=&#8221;aligncenter&#8221; el_id=&#8221;biz&#8221;][vc_column width=&#8221;1\/12&#8243; el_class=&#8221;aligncenter&#8221; offset=&#8221;vc_hidden-sm vc_hidden-xs&#8221;][\/vc_column][vc_column offset=&#8221;vc_col-lg-10 vc_col-md-10&#8243;][vc_custom_heading text=&#8221;Biz, en iyisiyiz.&#8221; font_container=&#8221;tag:h6|text_align:center&#8221; use_theme_fonts=&#8221;yes&#8221; el_class=&#8221;style1&#8243; css=&#8221;.vc_custom_1626479226371{background-color: #52d475 !important;}&#8221;][vc_custom_heading text=&#8221;\u00d6ne \u00c7\u0131kan \u00d6zelliklerimiz&#8221; font_container=&#8221;tag:h2|text_align:center&#8221; use_theme_fonts=&#8221;yes&#8221; css=&#8221;.vc_custom_1626479241287{margin-bottom: 15px !important;margin-left: 0px !important;}&#8221;][vc_empty_space height=&#8221;60px&#8221;][vc_tta_tabs style=&#8221;modern&#8221; alignment=&#8221;center&#8221; active_section=&#8221;1&#8243;][vc_tta_section i_icon_fontawesome=&#8221;fas fa-grin-hearts&#8221; add_icon=&#8221;true&#8221; title=&#8221;Yenilik\u00e7i ve Tutkulu&#8221; tab_id=&#8221;1602206489668-800b8afd-8a07&#8243;][vc_custom_heading text=&#8221;\u0130novasyona ve yarat\u0131c\u0131l\u0131\u011fa olan g\u00fc\u00e7l\u00fc tutkumuz bizi m\u00fckemmel bir dijital pazarlama orta\u011f\u0131 yap\u0131yor. M\u00fc\u015fterilerimizin gelir d\u00fczeylerini art\u0131rmak i\u00e7in s\u00fcrekli olarak yeni yollar bulmaya \u00e7al\u0131\u015f\u0131yoruz.&#8221; font_container=&#8221;tag:p|font_size:18px|text_align:center|color:%233a416f|line_height:30px&#8221; use_theme_fonts=&#8221;yes&#8221; css=&#8221;.vc_custom_1626479832911{padding-right: 10% !important;padding-left: 10% !important;}&#8221;][\/vc_tta_section][vc_tta_section i_icon_fontawesome=&#8221;fas fa-gem&#8221; add_icon=&#8221;true&#8221; title=&#8221;Y\u00fcksek Kaliteli Hizmetler&#8221; tab_id=&#8221;1602232246462-b00746da-3b93&#8243;][vc_custom_heading text=&#8221;Sundu\u011fumuz her \u015feyin m\u00fc\u015fterilerimizin beklentilerine uygun oldu\u011fundan emin olmak i\u00e7in s\u0131k\u0131 bir kalite kontrol s\u00fcrecimiz var.&#8221; font_container=&#8221;tag:p|font_size:18px|text_align:center|color:%233a416f|line_height:30px&#8221; use_theme_fonts=&#8221;yes&#8221; css=&#8221;.vc_custom_1626479851890{padding-right: 10% !important;padding-left: 10% !important;}&#8221;][\/vc_tta_section][vc_tta_section i_icon_fontawesome=&#8221;fas fa-star&#8221; add_icon=&#8221;true&#8221; title=&#8221;11 Y\u0131ldan Fazla Tecr\u00fcbe&#8221; tab_id=&#8221;1602232244834-2da93b4e-f30f&#8221;][vc_custom_heading text=&#8221;Dan\u0131\u015fmanlar\u0131m\u0131z 11 y\u0131l\u0131 a\u015fk\u0131n bir s\u00fcredir dijital pazarlama sekt\u00f6r\u00fcnde yer almakta ve sadece \u0130ngiltere&#8217;nin de\u011fil, k\u00fcresel markalarla da \u00e7al\u0131\u015fmaktad\u0131r.&#8221; font_container=&#8221;tag:p|font_size:18px|text_align:center|color:%233a416f|line_height:30px&#8221; use_theme_fonts=&#8221;yes&#8221; css=&#8221;.vc_custom_1626479870917{padding-right: 10% !important;padding-left: 10% !important;}&#8221;][\/vc_tta_section][vc_tta_section i_icon_fontawesome=&#8221;far fa-clock&#8221; add_icon=&#8221;true&#8221; title=&#8221;Kesintisiz \u0130leti\u015fim&#8221; tab_id=&#8221;1602232246210-1c636a3c-099c&#8221;][vc_custom_heading text=&#8221;Tamamlanm\u0131\u015f projelerin sonunda kesintisiz destek imkan\u0131 sunuyoruz.&#8221; font_container=&#8221;tag:p|font_size:18px|text_align:center|color:%233a416f|line_height:30px&#8221; use_theme_fonts=&#8221;yes&#8221; css=&#8221;.vc_custom_1626479912827{padding-right: 10% !important;padding-left: 10% !important;}&#8221;][\/vc_tta_section][vc_tta_section i_icon_fontawesome=&#8221;fas fa-hourglass-start&#8221; add_icon=&#8221;true&#8221; title=&#8221;Zaman\u0131nda Teslim&#8221; tab_id=&#8221;1602232245785-d667f742-d745&#8243;][vc_custom_heading text=&#8221;\u0130\u015f hayat\u0131nda zaman\u0131n nakit oldu\u011funu biliyoruz, bu nedenle (kendimiz ve m\u00fc\u015fterilerimiz i\u00e7in) ger\u00e7ek\u00e7i son tarihler belirliyoruz ve bunlara ba\u011fl\u0131 kal\u0131yoruz.&#8221; font_container=&#8221;tag:p|font_size:18px|text_align:center|color:%233a416f|line_height:30px&#8221; use_theme_fonts=&#8221;yes&#8221; css=&#8221;.vc_custom_1626479927825{padding-right: 10% !important;padding-left: 10% !important;}&#8221;][\/vc_tta_section][\/vc_tta_tabs][vc_empty_space height=&#8221;50px&#8221;][\/vc_column][vc_column width=&#8221;1\/12&#8243; offset=&#8221;vc_hidden-sm vc_hidden-xs&#8221;][\/vc_column][\/vc_row]<\/p>\n","protected":false},"excerpt":{"rendered":"<p>[vc_section css=&#8221;.vc_custom_1602122664390{padding-top: 190px !important;padding-bottom: 90px !important;background-image: url(https:\/\/ademcakir.com.tr\/wp-content\/uploads\/2020\/10\/bg-ab2.svg?id=295) !important;background-position: center !important;background-repeat: no-repeat !important;background-size: cover !important;}&#8221;][vc_row content_placement=&#8221;middle&#8221; el_id=&#8221;giris&#8221;][vc_column width=&#8221;5\/6&#8243; offset=&#8221;vc_col-lg-6 vc_col-md-7 vc_col-xs-12&#8243;][vc_custom_heading text=&#8221;Hakk\u0131mda&#8221; font_container=&#8221;tag:div|font_size:48px|text_align:left|color:%233a416f|line_height:52px&#8221; use_theme_fonts=&#8221;yes&#8221;][vc_custom_heading text=&#8221;Benim ad\u0131m Adem. Profesyonel Grafik Tasar\u0131mc\u0131y\u0131m. Yeni \u015feyler tasarlamay\u0131 ve \u00fcretmeyi seviyorum.&#8221; font_container=&#8221;tag:p|font_size:22px|text_align:left|line_height:30px&#8221; use_theme_fonts=&#8221;yes&#8221;][vc_empty_space height=&#8221;60px&#8221;][vc_row_inner][vc_column_inner width=&#8221;1\/4&#8243; offset=&#8221;vc_col-lg-3 vc_col-md-3 vc_col-xs-6&#8243;][vc_custom_heading text=&#8221;Sayfa Tasar\u0131m\u0131&#8221; font_container=&#8221;tag:h6|text_align:left|color:%2354c8ef&#8221; use_theme_fonts=&#8221;yes&#8221;][vc_empty_space height=&#8221;10px&#8221;][vc_empty_space height=&#8221;40px&#8221;][\/vc_column_inner][vc_column_inner width=&#8221;1\/4&#8243; offset=&#8221;vc_col-lg-3 vc_col-md-3 vc_col-xs-6&#8243;][vc_custom_heading text=&#8221;Tamamlanan \u0130\u015fler&#8221; font_container=&#8221;tag:h6|text_align:left|color:%2354c8ef&#8221; [&hellip;]<\/p>\n","protected":false},"author":1,"featured_media":0,"parent":0,"menu_order":0,"comment_status":"closed","ping_status":"closed","template":"tmpl\/template-fullwidth.php","meta":{"footnotes":""},"class_list":["post-20","page","type-page","status-publish","hentry"],"_links":{"self":[{"href":"https:\/\/ademcakir.com.tr\/index.php\/wp-json\/wp\/v2\/pages\/20","targetHints":{"allow":["GET"]}}],"collection":[{"href":"https:\/\/ademcakir.com.tr\/index.php\/wp-json\/wp\/v2\/pages"}],"about":[{"href":"https:\/\/ademcakir.com.tr\/index.php\/wp-json\/wp\/v2\/types\/page"}],"author":[{"embeddable":true,"href":"https:\/\/ademcakir.com.tr\/index.php\/wp-json\/wp\/v2\/users\/1"}],"replies":[{"embeddable":true,"href":"https:\/\/ademcakir.com.tr\/index.php\/wp-json\/wp\/v2\/comments?post=20"}],"version-history":[{"count":9,"href":"https:\/\/ademcakir.com.tr\/index.php\/wp-json\/wp\/v2\/pages\/20\/revisions"}],"predecessor-version":[{"id":817,"href":"https:\/\/ademcakir.com.tr\/index.php\/wp-json\/wp\/v2\/pages\/20\/revisions\/817"}],"wp:attachment":[{"href":"https:\/\/ademcakir.com.tr\/index.php\/wp-json\/wp\/v2\/media?parent=20"}],"curies":[{"name":"wp","href":"https:\/\/api.w.org\/{rel}","templated":true}]}}