{"id":30,"date":"2020-08-12T04:49:37","date_gmt":"2020-08-12T04:49:37","guid":{"rendered":"https:\/\/ademcakir.com.tr\/?page_id=30"},"modified":"2021-11-20T22:33:32","modified_gmt":"2021-11-20T22:33:32","slug":"iletisim","status":"publish","type":"page","link":"https:\/\/ademcakir.com.tr\/index.php\/iletisim\/","title":{"rendered":"\u0130leti\u015fim"},"content":{"rendered":"<p>[vc_row content_placement=&#8221;middle&#8221; css=&#8221;.vc_custom_1626005321841{padding-top: 190px !important;padding-bottom: 90px !important;background-image: url(https:\/\/ademcakir.com.tr\/wp-content\/uploads\/2021\/07\/bg-contact-.png?id=770) !important;background-position: center !important;background-repeat: no-repeat !important;background-size: cover !important;}&#8221;][vc_column width=&#8221;5\/6&#8243; offset=&#8221;vc_col-lg-6 vc_col-md-7 vc_col-xs-12&#8243;][vc_custom_heading text=&#8221;Bize Ula\u015f\u0131n ?&#8221; font_container=&#8221;tag:div|font_size:48px|text_align:left|color:%233a416f|line_height:52px&#8221; use_theme_fonts=&#8221;yes&#8221;][vc_empty_space height=&#8221;15px&#8221;][vc_column_text]<b>\u0130leti\u015fim<\/b><\/p>\n<p><a class=\"_ps2id\" href=\"tel:905616100420\" data-ps2id-offset=\"\">+90 561 610 04 20<\/a>[\/vc_column_text][vc_empty_space height=&#8221;45px&#8221;][vc_row_inner][vc_column_inner width=&#8221;1\/2&#8243; offset=&#8221;vc_col-lg-6 vc_col-md-6 vc_col-xs-6&#8243;][vc_column_text]<strong class=\"title\">Adres<\/strong><br \/>\n\u015eeyhli Mahallesi Ankara Caddesi No:372 Kat:4 Daire:18 34906 Pendik\/\u0130stanbul[\/vc_column_text][vc_empty_space height=&#8221;40px&#8221;][vc_column_text]<strong class=\"title\">E-Posta<\/strong><br \/>\n<a class=\"link\" href=\"info@ademcakir.com.tr\">info@ademcakir.com.tr<\/a>[\/vc_column_text][vc_empty_space height=&#8221;40px&#8221;][\/vc_column_inner][vc_column_inner width=&#8221;1\/2&#8243; offset=&#8221;vc_col-lg-6 vc_col-md-6 vc_col-xs-6&#8243;][vc_column_text]<b>\u00c7al\u0131\u015fma Saatleri<\/b><br \/>\nHaftan\u0131n Her G\u00fcn\u00fc<br \/>\n7\/24[\/vc_column_text][vc_empty_space height=&#8221;40px&#8221;][\/vc_column_inner][\/vc_row_inner][vc_empty_space height=&#8221;15px&#8221;][vc_raw_html]JTNDYSUyMGNsYXNzJTNEJTIybW9yZS1saW5rJTIyJTIwaHJlZiUzRCUyMmh0dHBzJTNBJTJGJTJGYWRlbWNha2lyLmNvbS50ciUyRmluZGV4LnBocCUyRmRhbmlzbWFubGlrLWFsJTJGJTIyJTNFJTNDc3BhbiUzRURhbiVDNCVCMSVDNSU5Rm1hbmwlQzQlQjFrJTIwQWwlM0MlMkZzcGFuJTNFJTNDJTJGYSUzRQ==[\/vc_raw_html][\/vc_column][vc_column width=&#8221;1\/2&#8243; offset=&#8221;vc_col-lg-6 vc_col-md-5 vc_hidden-sm vc_hidden-xs&#8221;][vc_column_text]\t<div class=\"wrap_svl_center\">\r\n\t<div class=\"wrap_svl_center_box\">\r\n\t<div class=\"wrap_svl\" id=\"body_drag_250\">\r\n\t\t<div class=\"images_wrap\">\r\n                            <img decoding=\"async\" src=\"https:\/\/ademcakir.com.tr\/wp-content\/uploads\/2021\/07\/logoft-copy.png\" alt=\"\">\r\n            \t\t<\/div>\t\r\n\t\t \t\t \t\t <div class=\"drag_element tips lg\" style=\"top:37.74%;left:37.74%;\" >\r\n\t\t \t<div class=\"point_style has-hover ihotspot_tooltop_html\" data-placement=\"n\" data-html=\"\t\t \t\t\t                  &lt;div class=&quot;box_view_html&quot;&gt;&lt;span class=&quot;close_ihp&quot;&gt;&lt;svg version=&quot;1.1&quot; xmlns=&quot;http:\/\/www.w3.org\/2000\/svg&quot; xmlns:xlink=&quot;http:\/\/www.w3.org\/1999\/xlink&quot; x=&quot;0px&quot; y=&quot;0px&quot; viewBox=&quot;0 0 1000 1000&quot; enable-background=&quot;new 0 0 1000 1000&quot; xml:space=&quot;preserve&quot;&gt;&lt;g&gt;&lt;path d=&quot;M153.7,153.7C57.9,249.5,10,365.3,10,499c0,135.7,47.9,251.5,143.7,347.3l0,0C249.5,942.1,363.3,990,499,990c135.7,0,251.5-47.9,347.3-143.7C942.1,750.5,990,634.7,990,499c0-135.7-47.9-249.5-143.7-345.3l0,0C750.5,57.9,634.7,10,499,10C365.3,10,249.5,57.9,153.7,153.7z M209.6,211.6l2-2C289.4,129.7,387.2,89.8,499,89.8c113.8,0,209.6,39.9,291.4,121.8c79.8,77.8,119.8,175.6,119.8,287.4c0,113.8-39.9,209.6-119.8,291.4C708.6,870.3,612.8,910.2,499,910.2c-111.8,0-209.6-39.9-287.4-119.8C129.8,708.6,89.8,612.8,89.8,499C89.8,387.2,129.8,289.4,209.6,211.6z&quot;\/&gt;&lt;path d=&quot;M293.4,331.3c0,12,4,22,12,29.9L443.1,497L305.4,632.7c-8,8-12,18-12,29.9c0,10,4,18,12,26c8,8,18,12,28,12c12,0,20-4,27.9-10L499,552.9l135.7,137.7c8,6,16,10,28,10c12,0,21.9-4,27.9-10c8-8,12-18,12-28c0-12-4-21.9-12-29.9L554.9,497l135.7-135.7c8-8,12-18,12-27.9c0-12-4-22-12-29.9c-6-8-16-12-25.9-12c-12,0-21.9,4-29.9,12L499,441.1L363.3,303.4c-8-8-18-12-29.9-12c-10,0-20,4-28,12C297.4,311.4,293.4,321.4,293.4,331.3z&quot;\/&gt;&lt;\/g&gt;&lt;\/svg&gt;&lt;\/span&gt;&lt;p&gt;126 Beverley Brooklyn, New York 11226 United States.&lt;\/p&gt;\n&lt;\/div&gt;\r\n\t\t\t \t\t \t\t \">\r\n\t\t \t\t\t\t\t \t\t\t\t\t \t\t<img decoding=\"async\" src=\"https:\/\/ademcakir.com.tr\/wp-content\/uploads\/2020\/09\/pin3.svg\" class=\"pins_image ihotspot_hastooltop\" style=\"top:-8px;left:-8px\" alt=\"\">\r\n\t\t\t \t\t<img decoding=\"async\" src=\"https:\/\/ademcakir.com.tr\/wp-content\/uploads\/2020\/09\/pin2.svg\" class=\"pins_image_hover ihotspot_hastooltop\"  style=\"top:-32px;left:-32px\" alt=\"\">\t\t \t\t\t\t \t<\/div>\r\n\t\t <\/div>\r\n\t\t \t\t \r\n\t\t  \t\t \t\r\n\t <\/div>\r\n\t <\/div>\r\n\t <\/div>\r\n\t[\/vc_column_text][\/vc_column][\/vc_row][vc_row row_style=&#8221;shadow&#8221; css=&#8221;.vc_custom_1606095237077{padding-top: 80px !important;}&#8221; el_id=&#8221;contact&#8221;][vc_column][vc_tta_tour tab_position=&#8221;right&#8221; active_section=&#8221;1&#8243;][vc_tta_section title=&#8221;\u0130leti\u015fim&#8221; tab_id=&#8221;1601088770361-9d733b1f-e953&#8243;]\n<div class=\"wpcf7 no-js\" id=\"wpcf7-f5-o1\" lang=\"en-US\" dir=\"ltr\" data-wpcf7-id=\"5\">\n<div class=\"screen-reader-response\"><p role=\"status\" aria-live=\"polite\" aria-atomic=\"true\"><\/p> <ul><\/ul><\/div>\n<form action=\"\/index.php\/wp-json\/wp\/v2\/pages\/30#wpcf7-f5-o1\" method=\"post\" class=\"wpcf7-form init\" aria-label=\"Contact form\" novalidate=\"novalidate\" data-status=\"init\">\n<fieldset class=\"hidden-fields-container\"><input type=\"hidden\" name=\"_wpcf7\" value=\"5\" \/><input type=\"hidden\" name=\"_wpcf7_version\" value=\"6.1.1\" \/><input type=\"hidden\" name=\"_wpcf7_locale\" value=\"en_US\" \/><input type=\"hidden\" name=\"_wpcf7_unit_tag\" value=\"wpcf7-f5-o1\" \/><input type=\"hidden\" name=\"_wpcf7_container_post\" value=\"0\" \/><input type=\"hidden\" name=\"_wpcf7_posted_data_hash\" value=\"\" \/><input type=\"hidden\" name=\"_wpcf7_recaptcha_response\" value=\"\" \/>\n<\/fieldset>\n<div class=\"field text\">\n\t<h3 class=\"title\">\u0130leti\u015fim Formu\n\t<\/h3>\n\t<p>Soru, g\u00f6r\u00fc\u015f, \u00f6neri ve proje talepleriniz i\u00e7in bize ula\u015f\u0131n.\n\t<\/p>\n<\/div>\n<div style=\"height:10px;\">\n<\/div>\n<div class=\"field\">\n\t<p><label>\u00dcr\u00fcn Ad\u0131*<\/label><br \/>\n<span class=\"wpcf7-form-control-wrap\" data-name=\"text-urun-adi\"><input size=\"40\" maxlength=\"400\" class=\"wpcf7-form-control wpcf7-text wpcf7-validates-as-required\" aria-required=\"true\" aria-invalid=\"false\" placeholder=\"\u00dcr\u00fcn Ad\u0131\" value=\"\" type=\"text\" name=\"text-urun-adi\" \/><\/span>\n\t<\/p>\n<\/div>\n<div class=\"field select\">\n\t<p><label>Hizmet Tipi<\/label><br \/>\n<span class=\"wpcf7-form-control-wrap\" data-name=\"menu-571\"><select class=\"wpcf7-form-control wpcf7-select\" aria-invalid=\"false\" name=\"menu-571\"><option value=\"Teknik Destek\">Teknik Destek<\/option><option value=\"Kurulum\">Kurulum<\/option><\/select><\/span>\n\t<\/p>\n<\/div>\n<div class=\"field\">\n\t<p><label>Ad soyad<\/label><br \/>\n<span class=\"wpcf7-form-control-wrap\" data-name=\"text-794\"><input size=\"40\" maxlength=\"400\" class=\"wpcf7-form-control wpcf7-text wpcf7-validates-as-required\" aria-required=\"true\" aria-invalid=\"false\" placeholder=\"Ad Soyad\" value=\"\" type=\"text\" name=\"text-794\" \/><\/span>\n\t<\/p>\n<\/div>\n<div class=\"field grid\">\n\t<div class=\"field\">\n\t\t<p><label>Telefon<\/label><br \/>\n<span class=\"wpcf7-form-control-wrap\" data-name=\"tel-466\"><input size=\"40\" maxlength=\"400\" class=\"wpcf7-form-control wpcf7-tel wpcf7-text wpcf7-validates-as-tel\" aria-invalid=\"false\" placeholder=\"Telefon Numaras\u0131\" value=\"\" type=\"tel\" name=\"tel-466\" \/><\/span>\n\t\t<\/p>\n\t<\/div>\n\t<div class=\"field\">\n\t\t<p><label>E-Posta *<\/label><br \/>\n<span class=\"wpcf7-form-control-wrap\" data-name=\"email-929\"><input size=\"40\" maxlength=\"400\" class=\"wpcf7-form-control wpcf7-email wpcf7-text wpcf7-validates-as-email\" aria-invalid=\"false\" placeholder=\"bilgi@example.com\" value=\"\" type=\"email\" name=\"email-929\" \/><\/span>\n\t\t<\/p>\n\t<\/div>\n<\/div>\n<div class=\"field\">\n\t<p><label>Adress<\/label><br \/>\n<span class=\"wpcf7-form-control-wrap\" data-name=\"textarea-adres\"><textarea cols=\"40\" rows=\"10\" maxlength=\"2000\" class=\"wpcf7-form-control wpcf7-textarea wpcf7-validates-as-required\" aria-required=\"true\" aria-invalid=\"false\" placeholder=\"Adres\" name=\"textarea-adres\"><\/textarea><\/span>\n\t<\/p>\n<\/div>\n<div style=\"height: 10px\">\n<\/div>\n\n<div class=\"field btn\">\n\t<p><input class=\"wpcf7-form-control wpcf7-submit has-spinner\" type=\"submit\" value=\"G\u00f6nder\" \/><br \/>\n<label>Talebinize en k\u0131sa s\u00fcrede d\u00f6n\u00fc\u015f sa\u011flanacakt\u0131r.<\/label>\n\t<\/p>\n<\/div><div class=\"wpcf7-response-output\" aria-hidden=\"true\"><\/div>\n<\/form>\n<\/div>\n[\/vc_tta_section][vc_tta_section title=&#8221;\u0130\u015f Talebi&#8221; tab_id=&#8221;abc&#8221;]\n<div class=\"wpcf7 no-js\" id=\"wpcf7-f1099-o2\" lang=\"tr-TR\" dir=\"ltr\" data-wpcf7-id=\"1099\">\n<div class=\"screen-reader-response\"><p role=\"status\" aria-live=\"polite\" aria-atomic=\"true\"><\/p> <ul><\/ul><\/div>\n<form action=\"\/index.php\/wp-json\/wp\/v2\/pages\/30#wpcf7-f1099-o2\" method=\"post\" class=\"wpcf7-form init\" aria-label=\"\u0130leti\u015fim Formu\" novalidate=\"novalidate\" data-status=\"init\">\n<fieldset class=\"hidden-fields-container\"><input type=\"hidden\" name=\"_wpcf7\" value=\"1099\" \/><input type=\"hidden\" name=\"_wpcf7_version\" value=\"6.1.1\" \/><input type=\"hidden\" name=\"_wpcf7_locale\" value=\"tr_TR\" \/><input type=\"hidden\" name=\"_wpcf7_unit_tag\" value=\"wpcf7-f1099-o2\" \/><input type=\"hidden\" name=\"_wpcf7_container_post\" value=\"0\" \/><input type=\"hidden\" name=\"_wpcf7_posted_data_hash\" value=\"\" \/><input type=\"hidden\" name=\"_wpcf7_recaptcha_response\" value=\"\" \/>\n<\/fieldset>\n<div class=\"field text\">\n\t<h3 class=\"title\">Dan\u0131\u015fmanl\u0131k Talep Formu\n\t<\/h3>\n\t<p>Soru, g\u00f6r\u00fc\u015f, \u00f6neri ve proje talepleriniz i\u00e7in bize ula\u015f\u0131n.\n\t<\/p>\n<\/div>\n<div class=\"field grid\">\n\t<div class=\"field\">\n\t\t<p><label>\u0130leti\u015fim Talebi<\/label><br \/>\n<span class=\"wpcf7-form-control-wrap\" data-name=\"menu-571\"><select class=\"wpcf7-form-control wpcf7-select\" aria-invalid=\"false\" name=\"menu-571\"><option value=\"Logo Tasar\u0131m\">Logo Tasar\u0131m<\/option><option value=\"Kartvizit Tasar\u0131m\">Kartvizit Tasar\u0131m<\/option><option value=\"Kurumsal Kimlik Tasar\u0131m\u0131\">Kurumsal Kimlik Tasar\u0131m\u0131<\/option><option value=\"Bilboard Tasar\u0131m\">Bilboard Tasar\u0131m<\/option><option value=\"Afi\u015f &amp; Poster Tasar\u0131m\">Afi\u015f &amp; Poster Tasar\u0131m<\/option><option value=\"Web Tasar\u0131m Hizmeti\">Web Tasar\u0131m Hizmeti<\/option><option value=\"Domain &amp; Hosting &amp; Kurumsal Mail\">Domain &amp; Hosting &amp; Kurumsal Mail<\/option><option value=\"Sosyal Medya Tasar\u0131m\">Sosyal Medya Tasar\u0131m<\/option><option value=\"Sosyal Medya Y\u00f6netim\">Sosyal Medya Y\u00f6netim<\/option><option value=\"E-Ticaret Sistemleri\">E-Ticaret Sistemleri<\/option><\/select><\/span>\n\t\t<\/p>\n\t<\/div>\n<\/div>\n<div class=\"field grid\">\n\t<div class=\"field\">\n\t\t<p><label>Telefon<\/label><br \/>\n<span class=\"wpcf7-form-control-wrap\" data-name=\"tel-466\"><input size=\"40\" maxlength=\"400\" class=\"wpcf7-form-control wpcf7-tel wpcf7-text wpcf7-validates-as-tel\" aria-invalid=\"false\" placeholder=\"Telefon Numaras\u0131\" value=\"\" type=\"tel\" name=\"tel-466\" \/><\/span>\n\t\t<\/p>\n\t<\/div>\n\t<div class=\"field\">\n\t\t<p><label>E-Posta *<\/label><br \/>\n<span class=\"wpcf7-form-control-wrap\" data-name=\"email-929\"><input size=\"40\" maxlength=\"400\" class=\"wpcf7-form-control wpcf7-email wpcf7-text wpcf7-validates-as-email\" aria-invalid=\"false\" placeholder=\"bilgi@example.com\" value=\"\" type=\"email\" name=\"email-929\" \/><\/span>\n\t\t<\/p>\n\t<\/div>\n<\/div>\n<div class=\"field grid\">\n\t<div class=\"field\">\n\t\t<p><label>Ad soyad<\/label><br \/>\n<span class=\"wpcf7-form-control-wrap\" data-name=\"text-794\"><input size=\"40\" maxlength=\"400\" class=\"wpcf7-form-control wpcf7-text wpcf7-validates-as-required\" aria-required=\"true\" aria-invalid=\"false\" placeholder=\"Ad Soyad\" value=\"\" type=\"text\" name=\"text-794\" \/><\/span>\n\t\t<\/p>\n\t<\/div>\n\t<div class=\"field\">\n\t\t<p><label>Mesaj<\/label><br \/>\n<span class=\"wpcf7-form-control-wrap\" data-name=\"textarea-43\"><textarea cols=\"40\" rows=\"10\" maxlength=\"2000\" class=\"wpcf7-form-control wpcf7-textarea wpcf7-validates-as-required\" aria-required=\"true\" aria-invalid=\"false\" placeholder=\"Mesaj\u0131n\u0131z\" name=\"textarea-43\"><\/textarea><\/span>\n\t\t<\/p>\n\t<\/div>\n<\/div>\n<div style=\"height: 10px\">\n<\/div>\n\n<div class=\"field btn\">\n\t<p><input class=\"wpcf7-form-control wpcf7-submit has-spinner\" type=\"submit\" value=\"G\u00f6nder\" \/><br \/>\n<label>Talebinize en k\u0131sa s\u00fcrede d\u00f6n\u00fc\u015f sa\u011flanacakt\u0131r.<\/label>\n\t<\/p>\n<\/div><div class=\"wpcf7-response-output\" aria-hidden=\"true\"><\/div>\n<\/form>\n<\/div>\n[\/vc_tta_section][\/vc_tta_tour][vc_empty_space height=&#8221;80px&#8221;][\/vc_column][\/vc_row]<\/p>\n","protected":false},"excerpt":{"rendered":"<p>[vc_row content_placement=&#8221;middle&#8221; css=&#8221;.vc_custom_1626005321841{padding-top: 190px !important;padding-bottom: 90px !important;background-image: url(https:\/\/ademcakir.com.tr\/wp-content\/uploads\/2021\/07\/bg-contact-.png?id=770) !important;background-position: center !important;background-repeat: no-repeat !important;background-size: cover !important;}&#8221;][vc_column width=&#8221;5\/6&#8243; offset=&#8221;vc_col-lg-6 vc_col-md-7 vc_col-xs-12&#8243;][vc_custom_heading text=&#8221;Bize Ula\u015f\u0131n ?&#8221; font_container=&#8221;tag:div|font_size:48px|text_align:left|color:%233a416f|line_height:52px&#8221; use_theme_fonts=&#8221;yes&#8221;][vc_empty_space height=&#8221;15px&#8221;][vc_column_text]\u0130leti\u015fim +90 561 610 04 20[\/vc_column_text][vc_empty_space height=&#8221;45px&#8221;][vc_row_inner][vc_column_inner width=&#8221;1\/2&#8243; offset=&#8221;vc_col-lg-6 vc_col-md-6 vc_col-xs-6&#8243;][vc_column_text]Adres \u015eeyhli Mahallesi Ankara Caddesi No:372 Kat:4 Daire:18 34906 Pendik\/\u0130stanbul[\/vc_column_text][vc_empty_space height=&#8221;40px&#8221;][vc_column_text]E-Posta info@ademcakir.com.tr[\/vc_column_text][vc_empty_space height=&#8221;40px&#8221;][\/vc_column_inner][vc_column_inner width=&#8221;1\/2&#8243; offset=&#8221;vc_col-lg-6 vc_col-md-6 vc_col-xs-6&#8243;][vc_column_text]\u00c7al\u0131\u015fma Saatleri Haftan\u0131n Her G\u00fcn\u00fc [&hellip;]<\/p>\n","protected":false},"author":1,"featured_media":0,"parent":0,"menu_order":0,"comment_status":"closed","ping_status":"closed","template":"tmpl\/template-fullwidth.php","meta":{"footnotes":""},"class_list":["post-30","page","type-page","status-publish","hentry"],"_links":{"self":[{"href":"https:\/\/ademcakir.com.tr\/index.php\/wp-json\/wp\/v2\/pages\/30","targetHints":{"allow":["GET"]}}],"collection":[{"href":"https:\/\/ademcakir.com.tr\/index.php\/wp-json\/wp\/v2\/pages"}],"about":[{"href":"https:\/\/ademcakir.com.tr\/index.php\/wp-json\/wp\/v2\/types\/page"}],"author":[{"embeddable":true,"href":"https:\/\/ademcakir.com.tr\/index.php\/wp-json\/wp\/v2\/users\/1"}],"replies":[{"embeddable":true,"href":"https:\/\/ademcakir.com.tr\/index.php\/wp-json\/wp\/v2\/comments?post=30"}],"version-history":[{"count":9,"href":"https:\/\/ademcakir.com.tr\/index.php\/wp-json\/wp\/v2\/pages\/30\/revisions"}],"predecessor-version":[{"id":1102,"href":"https:\/\/ademcakir.com.tr\/index.php\/wp-json\/wp\/v2\/pages\/30\/revisions\/1102"}],"wp:attachment":[{"href":"https:\/\/ademcakir.com.tr\/index.php\/wp-json\/wp\/v2\/media?parent=30"}],"curies":[{"name":"wp","href":"https:\/\/api.w.org\/{rel}","templated":true}]}}