{"id":549,"date":"2020-11-25T02:13:53","date_gmt":"2020-11-25T02:13:53","guid":{"rendered":"https:\/\/ademcakir.com.tr\/?page_id=549"},"modified":"2024-03-30T23:03:54","modified_gmt":"2024-03-30T23:03:54","slug":"danismanlik-al","status":"publish","type":"page","link":"https:\/\/ademcakir.com.tr\/index.php\/danismanlik-al\/","title":{"rendered":"Dan\u0131\u015fmanl\u0131k Al"},"content":{"rendered":"<p>[vc_row content_placement=&#8221;middle&#8221; row_style=&#8221;gradient3&#8243; css=&#8221;.vc_custom_1606277275986{padding-top: 200px !important;padding-bottom: 60px !important;background-image: url(https:\/\/ademcakir.com.tr\/wp-content\/uploads\/2020\/11\/bg-f.svg?id=530) !important;}&#8221; el_class=&#8221;custom-bg&#8221;][vc_column width=&#8221;7\/12&#8243;]\n<div class=\"wpcf7 no-js\" id=\"wpcf7-f1099-o1\" lang=\"tr-TR\" dir=\"ltr\" data-wpcf7-id=\"1099\">\n<div class=\"screen-reader-response\"><p role=\"status\" aria-live=\"polite\" aria-atomic=\"true\"><\/p> <ul><\/ul><\/div>\n<form action=\"\/index.php\/wp-json\/wp\/v2\/pages\/549#wpcf7-f1099-o1\" method=\"post\" class=\"wpcf7-form init\" aria-label=\"\u0130leti\u015fim Formu\" novalidate=\"novalidate\" data-status=\"init\">\n<fieldset class=\"hidden-fields-container\"><input type=\"hidden\" name=\"_wpcf7\" value=\"1099\" \/><input type=\"hidden\" name=\"_wpcf7_version\" value=\"6.1.1\" \/><input type=\"hidden\" name=\"_wpcf7_locale\" value=\"tr_TR\" \/><input type=\"hidden\" name=\"_wpcf7_unit_tag\" value=\"wpcf7-f1099-o1\" \/><input type=\"hidden\" name=\"_wpcf7_container_post\" value=\"0\" \/><input type=\"hidden\" name=\"_wpcf7_posted_data_hash\" value=\"\" \/><input type=\"hidden\" name=\"_wpcf7_recaptcha_response\" value=\"\" \/>\n<\/fieldset>\n<div class=\"field text\">\n\t<h3 class=\"title\">Dan\u0131\u015fmanl\u0131k Talep Formu\n\t<\/h3>\n\t<p>Soru, g\u00f6r\u00fc\u015f, \u00f6neri ve proje talepleriniz i\u00e7in bize ula\u015f\u0131n.\n\t<\/p>\n<\/div>\n<div class=\"field grid\">\n\t<div class=\"field\">\n\t\t<p><label>\u0130leti\u015fim Talebi<\/label><br \/>\n<span class=\"wpcf7-form-control-wrap\" data-name=\"menu-571\"><select class=\"wpcf7-form-control wpcf7-select\" aria-invalid=\"false\" name=\"menu-571\"><option value=\"Logo Tasar\u0131m\">Logo Tasar\u0131m<\/option><option value=\"Kartvizit Tasar\u0131m\">Kartvizit Tasar\u0131m<\/option><option value=\"Kurumsal Kimlik Tasar\u0131m\u0131\">Kurumsal Kimlik Tasar\u0131m\u0131<\/option><option value=\"Bilboard Tasar\u0131m\">Bilboard Tasar\u0131m<\/option><option value=\"Afi\u015f &amp; Poster Tasar\u0131m\">Afi\u015f &amp; Poster Tasar\u0131m<\/option><option value=\"Web Tasar\u0131m Hizmeti\">Web Tasar\u0131m Hizmeti<\/option><option value=\"Domain &amp; Hosting &amp; Kurumsal Mail\">Domain &amp; Hosting &amp; Kurumsal Mail<\/option><option value=\"Sosyal Medya Tasar\u0131m\">Sosyal Medya Tasar\u0131m<\/option><option value=\"Sosyal Medya Y\u00f6netim\">Sosyal Medya Y\u00f6netim<\/option><option value=\"E-Ticaret Sistemleri\">E-Ticaret Sistemleri<\/option><\/select><\/span>\n\t\t<\/p>\n\t<\/div>\n<\/div>\n<div class=\"field grid\">\n\t<div class=\"field\">\n\t\t<p><label>Telefon<\/label><br \/>\n<span class=\"wpcf7-form-control-wrap\" data-name=\"tel-466\"><input size=\"40\" maxlength=\"400\" class=\"wpcf7-form-control wpcf7-tel wpcf7-text wpcf7-validates-as-tel\" aria-invalid=\"false\" placeholder=\"Telefon Numaras\u0131\" value=\"\" type=\"tel\" name=\"tel-466\" \/><\/span>\n\t\t<\/p>\n\t<\/div>\n\t<div class=\"field\">\n\t\t<p><label>E-Posta *<\/label><br \/>\n<span class=\"wpcf7-form-control-wrap\" data-name=\"email-929\"><input size=\"40\" maxlength=\"400\" class=\"wpcf7-form-control wpcf7-email wpcf7-text wpcf7-validates-as-email\" aria-invalid=\"false\" placeholder=\"bilgi@example.com\" value=\"\" type=\"email\" name=\"email-929\" \/><\/span>\n\t\t<\/p>\n\t<\/div>\n<\/div>\n<div class=\"field grid\">\n\t<div class=\"field\">\n\t\t<p><label>Ad soyad<\/label><br \/>\n<span class=\"wpcf7-form-control-wrap\" data-name=\"text-794\"><input size=\"40\" maxlength=\"400\" class=\"wpcf7-form-control wpcf7-text wpcf7-validates-as-required\" aria-required=\"true\" aria-invalid=\"false\" placeholder=\"Ad Soyad\" value=\"\" type=\"text\" name=\"text-794\" \/><\/span>\n\t\t<\/p>\n\t<\/div>\n\t<div class=\"field\">\n\t\t<p><label>Mesaj<\/label><br \/>\n<span class=\"wpcf7-form-control-wrap\" data-name=\"textarea-43\"><textarea cols=\"40\" rows=\"10\" maxlength=\"2000\" class=\"wpcf7-form-control wpcf7-textarea wpcf7-validates-as-required\" aria-required=\"true\" aria-invalid=\"false\" placeholder=\"Mesaj\u0131n\u0131z\" name=\"textarea-43\"><\/textarea><\/span>\n\t\t<\/p>\n\t<\/div>\n<\/div>\n<div style=\"height: 10px\">\n<\/div>\n\n<div class=\"field btn\">\n\t<p><input class=\"wpcf7-form-control wpcf7-submit has-spinner\" type=\"submit\" value=\"G\u00f6nder\" \/><br \/>\n<label>Talebinize en k\u0131sa s\u00fcrede d\u00f6n\u00fc\u015f sa\u011flanacakt\u0131r.<\/label>\n\t<\/p>\n<\/div><div class=\"wpcf7-response-output\" aria-hidden=\"true\"><\/div>\n<\/form>\n<\/div>\n[\/vc_column][vc_column width=&#8221;5\/12&#8243;][vc_single_image image=&#8221;559&#8243; img_size=&#8221;full&#8221; alignment=&#8221;center&#8221;][\/vc_column][\/vc_row]<\/p>\n","protected":false},"excerpt":{"rendered":"<p>[vc_row content_placement=&#8221;middle&#8221; row_style=&#8221;gradient3&#8243; css=&#8221;.vc_custom_1606277275986{padding-top: 200px !important;padding-bottom: 60px !important;background-image: url(https:\/\/ademcakir.com.tr\/wp-content\/uploads\/2020\/11\/bg-f.svg?id=530) !important;}&#8221; el_class=&#8221;custom-bg&#8221;][vc_column width=&#8221;7\/12&#8243;][\/vc_column][vc_column width=&#8221;5\/12&#8243;][vc_single_image image=&#8221;559&#8243; img_size=&#8221;full&#8221; alignment=&#8221;center&#8221;][\/vc_column][\/vc_row]<\/p>\n","protected":false},"author":1,"featured_media":0,"parent":0,"menu_order":0,"comment_status":"closed","ping_status":"closed","template":"tmpl\/template-fullwidth.php","meta":{"footnotes":""},"class_list":["post-549","page","type-page","status-publish","hentry"],"_links":{"self":[{"href":"https:\/\/ademcakir.com.tr\/index.php\/wp-json\/wp\/v2\/pages\/549","targetHints":{"allow":["GET"]}}],"collection":[{"href":"https:\/\/ademcakir.com.tr\/index.php\/wp-json\/wp\/v2\/pages"}],"about":[{"href":"https:\/\/ademcakir.com.tr\/index.php\/wp-json\/wp\/v2\/types\/page"}],"author":[{"embeddable":true,"href":"https:\/\/ademcakir.com.tr\/index.php\/wp-json\/wp\/v2\/users\/1"}],"replies":[{"embeddable":true,"href":"https:\/\/ademcakir.com.tr\/index.php\/wp-json\/wp\/v2\/comments?post=549"}],"version-history":[{"count":8,"href":"https:\/\/ademcakir.com.tr\/index.php\/wp-json\/wp\/v2\/pages\/549\/revisions"}],"predecessor-version":[{"id":1387,"href":"https:\/\/ademcakir.com.tr\/index.php\/wp-json\/wp\/v2\/pages\/549\/revisions\/1387"}],"wp:attachment":[{"href":"https:\/\/ademcakir.com.tr\/index.php\/wp-json\/wp\/v2\/media?parent=549"}],"curies":[{"name":"wp","href":"https:\/\/api.w.org\/{rel}","templated":true}]}}