{"id":564,"date":"2020-11-27T03:04:54","date_gmt":"2020-11-27T03:04:54","guid":{"rendered":"https:\/\/ademcakir.com.tr\/?page_id=564"},"modified":"2021-11-20T23:13:20","modified_gmt":"2021-11-20T23:13:20","slug":"grafik-tasarim-hizmetleri","status":"publish","type":"page","link":"https:\/\/ademcakir.com.tr\/index.php\/grafik-tasarim-hizmetleri\/","title":{"rendered":"Grafik Tasar\u0131m Hizmetleri"},"content":{"rendered":"<p>[vc_row row_style=&#8221;gradient3&#8243; bg_size=&#8221;100% auto&#8221; css=&#8221;.vc_custom_1607311074228{padding-top: 200px !important;padding-bottom: 20px !important;background-image: url(https:\/\/ademcakir.com.tr\/wp-content\/uploads\/2020\/11\/bg-f.svg?id=530) !important;background-position: 0 0 !important;background-repeat: no-repeat !important;}&#8221;][vc_column width=&#8221;3\/4&#8243; offset=&#8221;vc_col-lg-5 vc_col-md-5 vc_col-xs-12&#8243;][vc_custom_heading text=&#8221;Grafik Tasar\u0131m Hizmetleri&#8221; font_container=&#8221;tag:h3|font_size:40px|text_align:left|line_height:1.4&#8243; use_theme_fonts=&#8221;yes&#8221; css=&#8221;.vc_custom_1637448957888{margin-bottom: 5px !important;}&#8221;][vc_column_text]Bir ki\u015fiyi etkilemenin yolu ilk olarak g\u00f6rsellikten ge\u00e7er. Ne s\u00f6ylendi\u011fi ikinci plandad\u0131r. Firmalar \u00f6ncelikle g\u00f6ze hitap ederek hedef kitleleri ile ileti\u015fim kurmay\u0131 ba\u015far\u0131rlar.[\/vc_column_text][vc_empty_space height=&#8221;120px&#8221;][vc_raw_html]JTNDYSUyMGhyZWYlM0QlMjIlMjN3b3JrJTIyJTIwY2xhc3MlM0QlMjJtb3JlLWxpbmslMjIlM0UlM0NzcGFuJTNFUG9ydGZvbHlvJTNDJTJGc3BhbiUzRSUzQyUyRmElM0U=[\/vc_raw_html][vc_empty_space height=&#8221;60px&#8221;][\/vc_column][vc_column width=&#8221;1\/12&#8243;][\/vc_column][vc_column width=&#8221;1\/2&#8243; offset=&#8221;vc_hidden-sm vc_hidden-xs&#8221;]<ul class=\"iconlist iconlist iconlist-icon-xlarge columns-4\"><li class=\"style1\"><div class=\"iconlist-item-icon\"><img decoding=\"async\" src=\"https:\/\/ademcakir.com.tr\/wp-content\/uploads\/2020\/09\/l2.svg\" alt=\"l2\" \/><\/div><div class=\"iconlist-item-content\"><\/div><\/li><li class=\"style1\"><div class=\"iconlist-item-icon\"><img decoding=\"async\" src=\"https:\/\/ademcakir.com.tr\/wp-content\/uploads\/2020\/09\/l5.svg\" alt=\"l5\" \/><\/div><div class=\"iconlist-item-content\"><\/div><\/li><li class=\"style1\"><div class=\"iconlist-item-icon\"><img decoding=\"async\" src=\"https:\/\/ademcakir.com.tr\/wp-content\/uploads\/2020\/09\/l5.svg\" alt=\"l5\" \/><\/div><div class=\"iconlist-item-content\"><\/div><\/li><li class=\"style1\"><div class=\"iconlist-item-icon\"><img decoding=\"async\" src=\"https:\/\/ademcakir.com.tr\/wp-content\/uploads\/2020\/09\/l3.svg\" alt=\"l3\" \/><\/div><div class=\"iconlist-item-content\"><\/div><\/li><li class=\"style1\"><div class=\"iconlist-item-icon\"><img decoding=\"async\" src=\"https:\/\/ademcakir.com.tr\/wp-content\/uploads\/2020\/09\/l6.svg\" alt=\"l6\" \/><\/div><div class=\"iconlist-item-content\"><\/div><\/li><li class=\"style1\"><div class=\"iconlist-item-icon\"><img decoding=\"async\" src=\"https:\/\/ademcakir.com.tr\/wp-content\/uploads\/2020\/09\/l7.svg\" alt=\"l7\" \/><\/div><div class=\"iconlist-item-content\"><\/div><\/li><li class=\"style1\"><div class=\"iconlist-item-icon\"><img decoding=\"async\" src=\"https:\/\/ademcakir.com.tr\/wp-content\/uploads\/2020\/09\/l4.svg\" alt=\"l4\" \/><\/div><div class=\"iconlist-item-content\"><\/div><\/li><li ><div class=\"iconlist-item-icon\"><img decoding=\"async\" src=\"https:\/\/ademcakir.com.tr\/wp-content\/uploads\/2020\/09\/l8.svg\" alt=\"l8\" \/><\/div><div class=\"iconlist-item-content\"><\/div><\/li><li class=\"style1\"><div class=\"iconlist-item-icon\"><img decoding=\"async\" src=\"https:\/\/ademcakir.com.tr\/wp-content\/uploads\/2020\/09\/l9.svg\" alt=\"l9\" \/><\/div><div class=\"iconlist-item-content\"><\/div><\/li><li class=\"style1\"><div class=\"iconlist-item-icon\"><img decoding=\"async\" src=\"https:\/\/ademcakir.com.tr\/wp-content\/uploads\/2020\/09\/l3.svg\" alt=\"l3\" \/><\/div><div class=\"iconlist-item-content\"><\/div><\/li><li class=\"style1\"><div class=\"iconlist-item-icon\"><img decoding=\"async\" src=\"https:\/\/ademcakir.com.tr\/wp-content\/uploads\/2020\/09\/l2.svg\" alt=\"l2\" \/><\/div><div class=\"iconlist-item-content\"><\/div><\/li><li class=\"style1\"><div class=\"iconlist-item-icon\"><img decoding=\"async\" src=\"https:\/\/ademcakir.com.tr\/wp-content\/uploads\/2020\/09\/l1.svg\" alt=\"l1\" \/><\/div><div class=\"iconlist-item-content\"><\/div><\/li><\/ul>[\/vc_column][\/vc_row][vc_row][vc_column][vc_column_text]<\/p>\n<h2>Grafik Tasar\u0131m<\/h2>\n<p>Grafik tasar\u0131m vermek istenilen mesaj ve d\u00fc\u015f\u00fcncenin en etkili olabilecek \u015fekilde, g\u00f6rselle\u015ftirme ve geli\u015ftirme ad\u0131 alt\u0131nda yap\u0131lan, sizin istekleriniz do\u011frultusunda etkin ve verimli olacak \u015fekilde yap\u0131lan g\u00f6rselle\u015ftirme\u00a0\u00e7al\u0131\u015fmas\u0131d\u0131r.<\/p>\n<p>Grafik tasar\u0131m \u00e7ok kapsaml\u0131 olmakla birlikte her alanda ihtiya\u00e7 duyulan bir hizmettir.<\/p>\n<p>Yapt\u0131\u011f\u0131m\u0131z tasar\u0131mlar sizin istekleriniz do\u011frultusunda profesyonel olarak haz\u0131rlan\u0131r. Tasar\u0131mlar\u0131n\u0131z uzman ki\u015filer taraf\u0131ndan en etkili ve en iyi \u015fekilde tasarlanmaktad\u0131r.<\/p>\n<p><strong>Grafik Tasar\u0131m \u00c7e\u015fitleri<\/strong><\/p>\n<ul>\n<li>Logo Tasar\u0131m\u0131<\/li>\n<li>Kurumsal Kimlik \u00c7al\u0131\u015fmas\u0131<\/li>\n<li>Kartvizit Tasar\u0131m\u0131<\/li>\n<li>Antetli Ka\u011f\u0131t \/ Zarf \/ Dosya vb. Kurumsal \u00c7al\u0131\u015fmalar<\/li>\n<li>Banner<\/li>\n<li>Sosyal Medya \u00c7al\u0131\u015fmalar\u0131<\/li>\n<li>Web Tasar\u0131m<\/li>\n<li>Bro\u015f\u00fcr Tasar\u0131m\u0131<\/li>\n<li>Katalog Tasar\u0131m\u0131<\/li>\n<li>\u0130lan ve Dergi Tasar\u0131mlar\u0131<\/li>\n<\/ul>\n<p>ve di\u011fer grafik tasar\u0131m \u00e7al\u0131\u015fmlar\u0131 i\u00e7in bize ula\u015fabilirsiniz[\/vc_column_text][\/vc_column][\/vc_row][vc_row row_style=&#8221;shadow&#8221; css=&#8221;.vc_custom_1606446265165{padding-top: 80px !important;}&#8221; el_id=&#8221;work&#8221;][vc_column][vc_custom_heading text=&#8221;\u00c7al\u0131\u015fmalar\u0131m&#8221; font_container=&#8221;tag:h2|text_align:center&#8221; use_theme_fonts=&#8221;yes&#8221; css=&#8221;.vc_custom_1637449264241{margin-bottom: 5px !important;}&#8221;][vc_custom_heading text=&#8221;M\u00fckemmel hizmetle birle\u015fmi\u015f kalitenin, ba\u015far\u0131l\u0131 bir i\u015fin temeli oldu\u011funa inan\u0131yoruz. Bu do\u011frultuda tamamlad\u0131\u011f\u0131m\u0131z i\u015fler;&#8221; font_container=&#8221;tag:p|font_size:18px|text_align:center|line_height:30px&#8221; use_theme_fonts=&#8221;yes&#8221;][vc_empty_space height=&#8221;80px&#8221;]\t<!-- BEGIN: .projects -->\n\t<div class=\"projects projects-shortcode projects-grid  \">\n\t\t<div class=\"projects-wrap\">\n\t\t\t\n\t\t\t\n\t\t\t<div class=\"projects-items\" data-grid=\"{&quot;itemSelector&quot;:&quot;.project&quot;}\" data-columns=\"5\">\n\n\t\t\t\t\t\t\t\t\t<!-- Project -->\n\t\t\t\t\t<div class=\"project post-934 nproject type-nproject status-publish has-post-thumbnail hentry nproject-category-grafik-tasarim\">\n\t\t\t\t\t\t\t\t\t\t\t\t\t<a class=\"project-inner\" href=\"https:\/\/ademcakir.com.tr\/index.php\/nproject\/afis-brosur\/\">\n\t\t\t\t\t\t\n\t\t\t\t\t\t\t<figure class=\"project-thumbnail\">\n\t\t\t\t\t\t\t\t<img loading=\"lazy\" decoding=\"async\" width=\"974\" height=\"921\" src=\"https:\/\/ademcakir.com.tr\/wp-content\/uploads\/2021\/08\/menu-png.png\" class=\"attachment-full\" alt=\"\" srcset=\"https:\/\/ademcakir.com.tr\/wp-content\/uploads\/2021\/08\/menu-png.png 974w, https:\/\/ademcakir.com.tr\/wp-content\/uploads\/2021\/08\/menu-png-300x284.png 300w, https:\/\/ademcakir.com.tr\/wp-content\/uploads\/2021\/08\/menu-png-768x726.png 768w\" sizes=\"auto, (max-width: 974px) 100vw, 974px\" \/>\t\t\t\t\t\t\t\t\t\t\t\t\t\t\t<\/figure>\n\n\t\t\t\t\t\t\t<div class=\"project-info\">\n\t\t\t\t\t\t\t\t<div class=\"project-info-inner\">\n\t\t\t\t\t\t\t\t\t<h2 class=\"project-title\" itemprop=\"name headline\">\n\t\t\t\t\t\t\t\t\t\tAfi\u015f &#038; Bro\u015f\u00fcr\t\t\t\t\t\t\t\t\t<\/h2>\n\n\t\t\t\t\t\t\t\t\t\t\t\t\t\t\t\t\t\t\t<div class=\"project-summary\">\n\t\t\t\t\t\t\t\t\t\t\t<p>M\u00fckemmel hizmetle birle\u015fmi\u015f ba\u015far\u0131l\u0131 bir i\u015fin temeli oldu\u011funa inan\u0131yoruz. Bu \t\t\t\t\t\t\t\t\t\t<\/div>\n\t\t\t\t\t\t\t\t\t\t\t\t\t\t\t\t\t\t\n\t\t\t\t\t\t\t\t\t\t\t\t\t\t\t\t\t\t\t<p class=\"project-readmore\"><span>T\u00fcm\u00fcn\u00fc G\u00f6r\u00fcnt\u00fcle<\/span><\/p>\n\t\t\t\t\t\t\t\t\t\t\t\t\t\t\t\t\t<\/div>\n\t\t\t\t\t\t\t<\/div>\n\n\t\t\t\t\t\t<\/a>\n\t\t\t\t\t<\/div>\n\t\t\t\t\t<!-- \/Project -->\n\n\t\t\t\t\t\t\t\t\t<!-- Project -->\n\t\t\t\t\t<div class=\"project post-933 nproject type-nproject status-publish has-post-thumbnail hentry nproject-category-grafik-tasarim\">\n\t\t\t\t\t\t\t\t\t\t\t\t\t<a class=\"project-inner\" href=\"https:\/\/ademcakir.com.tr\/index.php\/nproject\/menu-tasarim\/\">\n\t\t\t\t\t\t\n\t\t\t\t\t\t\t<figure class=\"project-thumbnail\">\n\t\t\t\t\t\t\t\t<img loading=\"lazy\" decoding=\"async\" width=\"1215\" height=\"1168\" src=\"https:\/\/ademcakir.com.tr\/wp-content\/uploads\/2021\/08\/menu-cover.png\" class=\"attachment-full\" alt=\"\" srcset=\"https:\/\/ademcakir.com.tr\/wp-content\/uploads\/2021\/08\/menu-cover.png 1215w, https:\/\/ademcakir.com.tr\/wp-content\/uploads\/2021\/08\/menu-cover-300x288.png 300w, https:\/\/ademcakir.com.tr\/wp-content\/uploads\/2021\/08\/menu-cover-1024x984.png 1024w, https:\/\/ademcakir.com.tr\/wp-content\/uploads\/2021\/08\/menu-cover-768x738.png 768w\" sizes=\"auto, (max-width: 1215px) 100vw, 1215px\" \/>\t\t\t\t\t\t\t\t\t\t\t\t\t\t\t\t\t<div class=\"project-client\">\n\t\t\t\t\t\t\t\t\t\t<img decoding=\"async\" src=\"https:\/\/ademcakir.com.tr\/wp-content\/uploads\/2020\/09\/cos.svg\" class=\"attachment-full\" alt=\"\" \/>\t\t\t\t\t\t\t\t\t<\/div>\t\t\n\t\t\t\t\t\t\t\t\t\t\t\t\t\t\t<\/figure>\n\n\t\t\t\t\t\t\t<div class=\"project-info\">\n\t\t\t\t\t\t\t\t<div class=\"project-info-inner\">\n\t\t\t\t\t\t\t\t\t<h2 class=\"project-title\" itemprop=\"name headline\">\n\t\t\t\t\t\t\t\t\t\tMen\u00fc Tasar\u0131m\t\t\t\t\t\t\t\t\t<\/h2>\n\n\t\t\t\t\t\t\t\t\t\t\t\t\t\t\t\t\t\t\t<div class=\"project-summary\">\n\t\t\t\t\t\t\t\t\t\t\t<p>Cafe ve restourantlar i\u00e7in haz\u0131rlam\u0131\u015f oldu\u011fumuz \u00e7al\u0131\u015fmalar.<\/p>\n\t\t\t\t\t\t\t\t\t\t<\/div>\n\t\t\t\t\t\t\t\t\t\t\t\t\t\t\t\t\t\t\n\t\t\t\t\t\t\t\t\t\t\t\t\t\t\t\t\t\t\t<p class=\"project-readmore\"><span>T\u00fcm\u00fcn\u00fc G\u00f6r\u00fcnt\u00fcle<\/span><\/p>\n\t\t\t\t\t\t\t\t\t\t\t\t\t\t\t\t\t<\/div>\n\t\t\t\t\t\t\t<\/div>\n\n\t\t\t\t\t\t<\/a>\n\t\t\t\t\t<\/div>\n\t\t\t\t\t<!-- \/Project -->\n\n\t\t\t\t\t\t\t\t\t<!-- Project -->\n\t\t\t\t\t<div class=\"project post-932 nproject type-nproject status-publish has-post-thumbnail hentry nproject-category-grafik-tasarim\">\n\t\t\t\t\t\t\t\t\t\t\t\t\t<a class=\"project-inner\" href=\"https:\/\/ademcakir.com.tr\/index.php\/nproject\/katalog-tasarim\/\">\n\t\t\t\t\t\t\n\t\t\t\t\t\t\t<figure class=\"project-thumbnail\">\n\t\t\t\t\t\t\t\t<img loading=\"lazy\" decoding=\"async\" width=\"1215\" height=\"1168\" src=\"https:\/\/ademcakir.com.tr\/wp-content\/uploads\/2021\/08\/katalog-cover.png\" class=\"attachment-full\" alt=\"\" srcset=\"https:\/\/ademcakir.com.tr\/wp-content\/uploads\/2021\/08\/katalog-cover.png 1215w, https:\/\/ademcakir.com.tr\/wp-content\/uploads\/2021\/08\/katalog-cover-300x288.png 300w, https:\/\/ademcakir.com.tr\/wp-content\/uploads\/2021\/08\/katalog-cover-1024x984.png 1024w, https:\/\/ademcakir.com.tr\/wp-content\/uploads\/2021\/08\/katalog-cover-768x738.png 768w\" sizes=\"auto, (max-width: 1215px) 100vw, 1215px\" \/>\t\t\t\t\t\t\t\t\t\t\t\t\t\t\t\t\t<div class=\"project-client\">\n\t\t\t\t\t\t\t\t\t\t<img decoding=\"async\" src=\"https:\/\/ademcakir.com.tr\/wp-content\/uploads\/2020\/09\/mediabox.svg\" class=\"attachment-full\" alt=\"\" \/>\t\t\t\t\t\t\t\t\t<\/div>\t\t\n\t\t\t\t\t\t\t\t\t\t\t\t\t\t\t<\/figure>\n\n\t\t\t\t\t\t\t<div class=\"project-info\">\n\t\t\t\t\t\t\t\t<div class=\"project-info-inner\">\n\t\t\t\t\t\t\t\t\t<h2 class=\"project-title\" itemprop=\"name headline\">\n\t\t\t\t\t\t\t\t\t\tKatalog Tasar\u0131m\t\t\t\t\t\t\t\t\t<\/h2>\n\n\t\t\t\t\t\t\t\t\t\t\t\t\t\t\t\t\t\t\t<div class=\"project-summary\">\n\t\t\t\t\t\t\t\t\t\t\t<p>Kurumsal firmalar i\u00e7in haz\u0131rlam\u0131\u015f oldu\u011fumuz katalog \u00e7al\u0131\u015fmalar\u0131.<\/p>\n\t\t\t\t\t\t\t\t\t\t<\/div>\n\t\t\t\t\t\t\t\t\t\t\t\t\t\t\t\t\t\t\n\t\t\t\t\t\t\t\t\t\t\t\t\t\t\t\t\t\t\t<p class=\"project-readmore\"><span>T\u00fcm\u00fcn\u00fc G\u00f6r\u00fcnt\u00fcle<\/span><\/p>\n\t\t\t\t\t\t\t\t\t\t\t\t\t\t\t\t\t<\/div>\n\t\t\t\t\t\t\t<\/div>\n\n\t\t\t\t\t\t<\/a>\n\t\t\t\t\t<\/div>\n\t\t\t\t\t<!-- \/Project -->\n\n\t\t\t\t\t\t\t\t\t<!-- Project -->\n\t\t\t\t\t<div class=\"project post-165 nproject type-nproject status-publish has-post-thumbnail hentry nproject-category-grafik-tasarim nproject-category-logo-tasarim nproject-tag-kurumsal-kimlik-tasarimi nproject-tag-logo-tasarim\">\n\t\t\t\t\t\t\t\t\t\t\t\t\t<a class=\"project-inner\" href=\"https:\/\/ademcakir.com.tr\/index.php\/nproject\/design-box\/\">\n\t\t\t\t\t\t\n\t\t\t\t\t\t\t<figure class=\"project-thumbnail\">\n\t\t\t\t\t\t\t\t<img loading=\"lazy\" decoding=\"async\" width=\"2600\" height=\"2500\" src=\"https:\/\/ademcakir.com.tr\/wp-content\/uploads\/2020\/09\/social.png\" class=\"attachment-full\" alt=\"\" srcset=\"https:\/\/ademcakir.com.tr\/wp-content\/uploads\/2020\/09\/social.png 2600w, https:\/\/ademcakir.com.tr\/wp-content\/uploads\/2020\/09\/social-300x288.png 300w, https:\/\/ademcakir.com.tr\/wp-content\/uploads\/2020\/09\/social-1024x985.png 1024w, https:\/\/ademcakir.com.tr\/wp-content\/uploads\/2020\/09\/social-768x738.png 768w, https:\/\/ademcakir.com.tr\/wp-content\/uploads\/2020\/09\/social-1536x1477.png 1536w, https:\/\/ademcakir.com.tr\/wp-content\/uploads\/2020\/09\/social-2048x1969.png 2048w\" sizes=\"auto, (max-width: 2600px) 100vw, 2600px\" \/>\t\t\t\t\t\t\t\t\t\t\t\t\t\t\t\t\t<div class=\"project-client\">\n\t\t\t\t\t\t\t\t\t\t<img decoding=\"async\" src=\"https:\/\/ademcakir.com.tr\/wp-content\/uploads\/2020\/09\/mediabox.svg\" class=\"attachment-full\" alt=\"\" \/>\t\t\t\t\t\t\t\t\t<\/div>\t\t\n\t\t\t\t\t\t\t\t\t\t\t\t\t\t\t<\/figure>\n\n\t\t\t\t\t\t\t<div class=\"project-info\">\n\t\t\t\t\t\t\t\t<div class=\"project-info-inner\">\n\t\t\t\t\t\t\t\t\t<h2 class=\"project-title\" itemprop=\"name headline\">\n\t\t\t\t\t\t\t\t\t\tLogo Tasar\u0131m\t\t\t\t\t\t\t\t\t<\/h2>\n\n\t\t\t\t\t\t\t\t\t\t\t\t\t\t\t\t\t\t\t<div class=\"project-summary\">\n\t\t\t\t\t\t\t\t\t\t\t<p>Logo tasar\u0131m\u0131 markan\u0131z\u0131n her \u015feyidir. G\u00f6revi marka ile hedef kitle aras\u0131nda b\t\t\t\t\t\t\t\t\t\t<\/div>\n\t\t\t\t\t\t\t\t\t\t\t\t\t\t\t\t\t\t\n\t\t\t\t\t\t\t\t\t\t\t\t\t\t\t\t\t\t\t<p class=\"project-readmore\"><span>T\u00fcm\u00fcn\u00fc G\u00f6r\u00fcnt\u00fcle<\/span><\/p>\n\t\t\t\t\t\t\t\t\t\t\t\t\t\t\t\t\t<\/div>\n\t\t\t\t\t\t\t<\/div>\n\n\t\t\t\t\t\t<\/a>\n\t\t\t\t\t<\/div>\n\t\t\t\t\t<!-- \/Project -->\n\n\t\t\t\t\t\t\t\t\t<!-- Project -->\n\t\t\t\t\t<div class=\"project post-155 nproject type-nproject status-publish has-post-thumbnail hentry nproject-category-grafik-tasarim nproject-category-sosyal-medya nproject-tag-sosyal-medya-yonetimi\">\n\t\t\t\t\t\t\t\t\t\t\t\t\t<a class=\"project-inner\" href=\"https:\/\/ademcakir.com.tr\/index.php\/nproject\/sosyal-medya\/\">\n\t\t\t\t\t\t\n\t\t\t\t\t\t\t<figure class=\"project-thumbnail\">\n\t\t\t\t\t\t\t\t<img loading=\"lazy\" decoding=\"async\" width=\"604\" height=\"738\" src=\"https:\/\/ademcakir.com.tr\/wp-content\/uploads\/2020\/09\/mobile.png\" class=\"attachment-full\" alt=\"\" srcset=\"https:\/\/ademcakir.com.tr\/wp-content\/uploads\/2020\/09\/mobile.png 604w, https:\/\/ademcakir.com.tr\/wp-content\/uploads\/2020\/09\/mobile-246x300.png 246w\" sizes=\"auto, (max-width: 604px) 100vw, 604px\" \/>\t\t\t\t\t\t\t\t\t\t\t\t\t\t\t\t\t<div class=\"project-client\">\n\t\t\t\t\t\t\t\t\t\t<img decoding=\"async\" src=\"https:\/\/ademcakir.com.tr\/wp-content\/uploads\/2020\/09\/envato.svg\" class=\"attachment-full\" alt=\"\" \/>\t\t\t\t\t\t\t\t\t<\/div>\t\t\n\t\t\t\t\t\t\t\t\t\t\t\t\t\t\t<\/figure>\n\n\t\t\t\t\t\t\t<div class=\"project-info\">\n\t\t\t\t\t\t\t\t<div class=\"project-info-inner\">\n\t\t\t\t\t\t\t\t\t<h2 class=\"project-title\" itemprop=\"name headline\">\n\t\t\t\t\t\t\t\t\t\tSosyal Medya\t\t\t\t\t\t\t\t\t<\/h2>\n\n\t\t\t\t\t\t\t\t\t\t\t\t\t\t\t\t\t\t\t<div class=\"project-summary\">\n\t\t\t\t\t\t\t\t\t\t\t<p>Kurumsal firmalar i\u00e7in sunmul oldu\u011fumuz sosyal medya hizmetleri<\/p>\n\t\t\t\t\t\t\t\t\t\t<\/div>\n\t\t\t\t\t\t\t\t\t\t\t\t\t\t\t\t\t\t\n\t\t\t\t\t\t\t\t\t\t\t\t\t\t\t\t\t\t\t<p class=\"project-readmore\"><span>T\u00fcm\u00fcn\u00fc G\u00f6r\u00fcnt\u00fcle<\/span><\/p>\n\t\t\t\t\t\t\t\t\t\t\t\t\t\t\t\t\t<\/div>\n\t\t\t\t\t\t\t<\/div>\n\n\t\t\t\t\t\t<\/a>\n\t\t\t\t\t<\/div>\n\t\t\t\t\t<!-- \/Project -->\n\n\t\t\t\t\t\t\t\t\n\t\t\t<\/div>\n\t\t<\/div>\n\t<\/div>\n\t<!-- END: .projects -->\n[vc_separator color=&#8221;custom&#8221; accent_color=&#8221;rgba(107,124,147,0.2)&#8221;][vc_empty_space height=&#8221;40px&#8221;][vc_empty_space height=&#8221;60px&#8221;]\n<div class=\"wpcf7 no-js\" id=\"wpcf7-f1099-o1\" lang=\"tr-TR\" dir=\"ltr\" data-wpcf7-id=\"1099\">\n<div class=\"screen-reader-response\"><p role=\"status\" aria-live=\"polite\" aria-atomic=\"true\"><\/p> <ul><\/ul><\/div>\n<form action=\"\/index.php\/wp-json\/wp\/v2\/pages\/564#wpcf7-f1099-o1\" method=\"post\" class=\"wpcf7-form init\" aria-label=\"\u0130leti\u015fim Formu\" novalidate=\"novalidate\" data-status=\"init\">\n<fieldset class=\"hidden-fields-container\"><input type=\"hidden\" name=\"_wpcf7\" value=\"1099\" \/><input type=\"hidden\" name=\"_wpcf7_version\" value=\"6.1.1\" \/><input type=\"hidden\" name=\"_wpcf7_locale\" value=\"tr_TR\" \/><input type=\"hidden\" name=\"_wpcf7_unit_tag\" value=\"wpcf7-f1099-o1\" \/><input type=\"hidden\" name=\"_wpcf7_container_post\" value=\"0\" \/><input type=\"hidden\" name=\"_wpcf7_posted_data_hash\" value=\"\" \/><input type=\"hidden\" name=\"_wpcf7_recaptcha_response\" value=\"\" \/>\n<\/fieldset>\n<div class=\"field text\">\n\t<h3 class=\"title\">Dan\u0131\u015fmanl\u0131k Talep Formu\n\t<\/h3>\n\t<p>Soru, g\u00f6r\u00fc\u015f, \u00f6neri ve proje talepleriniz i\u00e7in bize ula\u015f\u0131n.\n\t<\/p>\n<\/div>\n<div class=\"field grid\">\n\t<div class=\"field\">\n\t\t<p><label>\u0130leti\u015fim Talebi<\/label><br \/>\n<span class=\"wpcf7-form-control-wrap\" data-name=\"menu-571\"><select class=\"wpcf7-form-control wpcf7-select\" aria-invalid=\"false\" name=\"menu-571\"><option value=\"Logo Tasar\u0131m\">Logo Tasar\u0131m<\/option><option value=\"Kartvizit Tasar\u0131m\">Kartvizit Tasar\u0131m<\/option><option value=\"Kurumsal Kimlik Tasar\u0131m\u0131\">Kurumsal Kimlik Tasar\u0131m\u0131<\/option><option value=\"Bilboard Tasar\u0131m\">Bilboard Tasar\u0131m<\/option><option value=\"Afi\u015f &amp; Poster Tasar\u0131m\">Afi\u015f &amp; Poster Tasar\u0131m<\/option><option value=\"Web Tasar\u0131m Hizmeti\">Web Tasar\u0131m Hizmeti<\/option><option value=\"Domain &amp; Hosting &amp; Kurumsal Mail\">Domain &amp; Hosting &amp; Kurumsal Mail<\/option><option value=\"Sosyal Medya Tasar\u0131m\">Sosyal Medya Tasar\u0131m<\/option><option value=\"Sosyal Medya Y\u00f6netim\">Sosyal Medya Y\u00f6netim<\/option><option value=\"E-Ticaret Sistemleri\">E-Ticaret Sistemleri<\/option><\/select><\/span>\n\t\t<\/p>\n\t<\/div>\n<\/div>\n<div class=\"field grid\">\n\t<div class=\"field\">\n\t\t<p><label>Telefon<\/label><br \/>\n<span class=\"wpcf7-form-control-wrap\" data-name=\"tel-466\"><input size=\"40\" maxlength=\"400\" class=\"wpcf7-form-control wpcf7-tel wpcf7-text wpcf7-validates-as-tel\" aria-invalid=\"false\" placeholder=\"Telefon Numaras\u0131\" value=\"\" type=\"tel\" name=\"tel-466\" \/><\/span>\n\t\t<\/p>\n\t<\/div>\n\t<div class=\"field\">\n\t\t<p><label>E-Posta *<\/label><br \/>\n<span class=\"wpcf7-form-control-wrap\" data-name=\"email-929\"><input size=\"40\" maxlength=\"400\" class=\"wpcf7-form-control wpcf7-email wpcf7-text wpcf7-validates-as-email\" aria-invalid=\"false\" placeholder=\"bilgi@example.com\" value=\"\" type=\"email\" name=\"email-929\" \/><\/span>\n\t\t<\/p>\n\t<\/div>\n<\/div>\n<div class=\"field grid\">\n\t<div class=\"field\">\n\t\t<p><label>Ad soyad<\/label><br \/>\n<span class=\"wpcf7-form-control-wrap\" data-name=\"text-794\"><input size=\"40\" maxlength=\"400\" class=\"wpcf7-form-control wpcf7-text wpcf7-validates-as-required\" aria-required=\"true\" aria-invalid=\"false\" placeholder=\"Ad Soyad\" value=\"\" type=\"text\" name=\"text-794\" \/><\/span>\n\t\t<\/p>\n\t<\/div>\n\t<div class=\"field\">\n\t\t<p><label>Mesaj<\/label><br \/>\n<span class=\"wpcf7-form-control-wrap\" data-name=\"textarea-43\"><textarea cols=\"40\" rows=\"10\" maxlength=\"2000\" class=\"wpcf7-form-control wpcf7-textarea wpcf7-validates-as-required\" aria-required=\"true\" aria-invalid=\"false\" placeholder=\"Mesaj\u0131n\u0131z\" name=\"textarea-43\"><\/textarea><\/span>\n\t\t<\/p>\n\t<\/div>\n<\/div>\n<div style=\"height: 10px\">\n<\/div>\n\n<div class=\"field btn\">\n\t<p><input class=\"wpcf7-form-control wpcf7-submit has-spinner\" type=\"submit\" value=\"G\u00f6nder\" \/><br \/>\n<label>Talebinize en k\u0131sa s\u00fcrede d\u00f6n\u00fc\u015f sa\u011flanacakt\u0131r.<\/label>\n\t<\/p>\n<\/div><div class=\"wpcf7-response-output\" aria-hidden=\"true\"><\/div>\n<\/form>\n<\/div>\n[vc_empty_space height=&#8221;80px&#8221;][\/vc_column][\/vc_row]<\/p>\n","protected":false},"excerpt":{"rendered":"<p>[vc_row row_style=&#8221;gradient3&#8243; bg_size=&#8221;100% auto&#8221; css","protected":false},"author":1,"featured_media":0,"parent":0,"menu_order":0,"comment_status":"closed","ping_status":"closed","template":"tmpl\/template-fullwidth.php","meta":{"footnotes":""},"class_list":["post-564","page","type-page","status-publish","hentry"],"_links":{"self":[{"href":"https:\/\/ademcakir.com.tr\/index.php\/wp-json\/wp\/v2\/pages\/564","targetHints":{"allow":["GET"]}}],"collection":[{"href":"https:\/\/ademcakir.com.tr\/index.php\/wp-json\/wp\/v2\/pages"}],"about":[{"href":"https:\/\/ademcakir.com.tr\/index.php\/wp-json\/wp\/v2\/types\/page"}],"author":[{"embeddable":true,"href":"https:\/\/ademcakir.com.tr\/index.php\/wp-json\/wp\/v2\/users\/1"}],"replies":[{"embeddable":true,"href":"https:\/\/ademcakir.com.tr\/index.php\/wp-json\/wp\/v2\/comments?post=564"}],"version-history":[{"count":9,"href":"https:\/\/ademcakir.com.tr\/index.php\/wp-json\/wp\/v2\/pages\/564\/revisions"}],"predecessor-version":[{"id":1125,"href":"https:\/\/ademcakir.com.tr\/index.php\/wp-json\/wp\/v2\/pages\/564\/revisions\/1125"}],"wp:attachment":[{"href":"https:\/\/ademcakir.com.tr\/index.php\/wp-json\/wp\/v2\/media?parent=564"}],"curies":[{"name":"wp","href":"https:\/\/api.w.org\/{rel}","templated":true}]}}